{"id":331,"date":"2018-01-05T10:44:25","date_gmt":"2018-01-05T10:44:25","guid":{"rendered":"http:\/\/www2.lungegraz.at\/?page_id=331"},"modified":"2018-01-05T10:44:25","modified_gmt":"2018-01-05T10:44:25","slug":"impressum","status":"publish","type":"page","link":"https:\/\/lungegraz.at\/?page_id=331","title":{"rendered":"Impressum"},"content":{"rendered":"<p class=\"text\"><strong>Praxis Dr. Josef Stocker<\/strong><br \/>\nSt. Peter Hauptstrasse 35d<br \/>\nTerrassenhaussiedlung<br \/>\n8042 Graz-St.Peter<\/p>\n<p class=\"text\">Telefon: 0316\/424211<br \/>\nFax: 0316\/42421122<br \/>\nwww.lungegraz.at<\/p>\n<p><strong>Design und Programmierung:<\/strong> <a href=\"http:\/\/www.silviastocker.at\">Silvia Stocker<\/a><\/p>\n<p><strong>Allgemeine Hinweise<\/strong><br \/>\nAlle Inhalte dieser Website unterliegen dem o\u0308sterreichischen Urheberrecht. Die Vervielf\u00e4ltigung, Bearbeitung, Verbreitung und jede Art der Verwertung \u2013 auch in Teilen \u2013 au\u00dferhalb der Grenzen des Urheberrechtes bed\u00fcrfen der ausdr\u00fccklichen schriftlichen Zustimmung. Downloads und Kopien dieser Seite sind nur fu\u0308r den privaten, nicht kommerziellen Gebrauch gestattet. Soweit die Inhalte auf dieser Seite nicht vom Betreiber erstellt wurden, werden die Urheberrechte Dritter beachtet.<\/p>\n<p><strong>Haftung f\u00fcr Inhalte und Links<\/strong><br \/>\nWir \u00fcbernehmen keine Gew\u00e4hr f\u00fcr die auf dieser Webseite ver\u00f6ffentlichten Inhalte. Alle Angaben bez\u00fcglich Zahlen, Daten, Preise usw. sind ohne Gew\u00e4hr. Irrt\u00fcmer und Schreibfehler sind vorbehalten. Das Recht auf \u00c4nderungen und Erg\u00e4nzungen der bereitgestellten Informationen, ohne vorhergegangene Ank\u00fcndigung, ist vorbehalten. Die Inhalte dieser Website wurden mit gr\u00f6\u00dfter Sorgfalt erstellt. F\u00fcr die Richtigkeit, Vollst\u00e4ndigkeit und Aktualit\u00e4t der Inhalte wird keine Gew\u00e4hr \u00fcbernommen. Dies schlie\u00dft Links zu verlinkten Webseiten Dritter mit ein.<\/p>\n","protected":false},"excerpt":{"rendered":"<p>Praxis Dr. Josef Stocker St. Peter Hauptstrasse 35d Terrassenhaussiedlung 8042 Graz-St.Peter Telefon: 0316\/424211 Fax: 0316\/42421122 www.lungegraz.at Design und Programmierung: Silvia Stocker Allgemeine Hinweise Alle Inhalte dieser Website unterliegen dem o\u0308sterreichischen Urheberrecht. Die Vervielf\u00e4ltigung, Bearbeitung, Verbreitung und jede Art der Verwertung \u2013 auch in Teilen \u2013 au\u00dferhalb der Grenzen des Urheberrechtes bed\u00fcrfen der ausdr\u00fccklichen schriftlichen Zustimmung.&#8230;<\/p>\n<p class=\"more-link\"><a href=\"https:\/\/lungegraz.at\/?page_id=331\" class=\"themebutton\">Read More<\/a><\/p>\n","protected":false},"author":1,"featured_media":0,"parent":0,"menu_order":0,"comment_status":"closed","ping_status":"closed","template":"","meta":{"footnotes":""},"class_list":["post-331","page","type-page","status-publish","hentry"],"_links":{"self":[{"href":"https:\/\/lungegraz.at\/index.php?rest_route=\/wp\/v2\/pages\/331","targetHints":{"allow":["GET"]}}],"collection":[{"href":"https:\/\/lungegraz.at\/index.php?rest_route=\/wp\/v2\/pages"}],"about":[{"href":"https:\/\/lungegraz.at\/index.php?rest_route=\/wp\/v2\/types\/page"}],"author":[{"embeddable":true,"href":"https:\/\/lungegraz.at\/index.php?rest_route=\/wp\/v2\/users\/1"}],"replies":[{"embeddable":true,"href":"https:\/\/lungegraz.at\/index.php?rest_route=%2Fwp%2Fv2%2Fcomments&post=331"}],"version-history":[{"count":0,"href":"https:\/\/lungegraz.at\/index.php?rest_route=\/wp\/v2\/pages\/331\/revisions"}],"wp:attachment":[{"href":"https:\/\/lungegraz.at\/index.php?rest_route=%2Fwp%2Fv2%2Fmedia&parent=331"}],"curies":[{"name":"wp","href":"https:\/\/api.w.org\/{rel}","templated":true}]}}