{"id":21,"date":"2017-07-24T13:51:37","date_gmt":"2017-07-24T13:51:37","guid":{"rendered":"http:\/\/www2.lungegraz.at\/?page_id=21"},"modified":"2024-07-02T07:26:52","modified_gmt":"2024-07-02T05:26:52","slug":"leistungen","status":"publish","type":"page","link":"https:\/\/lungegraz.at\/?page_id=21","title":{"rendered":"Leistungen"},"content":{"rendered":"<div>\n<h4>\u00a0<\/h4>\n<h4>\u00a0<\/h4>\n<h4>\u00a0<\/h4>\n<h4><span style=\"color: #000000;\"><strong><span class=\"s1\">UNTERSUCHUNGEN<\/span><\/strong><\/span><\/h4>\n<\/div>\n<div><span class=\"s1\" style=\"font-size: 10pt;\">Kleine und gro\u00dfe Lungenfunktionstestung<\/span><\/div>\n<div><span class=\"s1\" style=\"font-size: 10pt;\">R\u00f6ngtenuntersuchung der Lunge<\/span><\/div>\n<div><span class=\"s1\" style=\"font-size: 10pt;\">Blutgasuntersuchung<\/span><\/div>\n<div><span style=\"font-size: 10pt;\"><span class=\"s1\">Belastungsblutgasuntersuchung<\/span> <span class=\"s1\">\u00a0<\/span><\/span><\/div>\n<div><span style=\"font-size: 10pt;\"><span class=\"s1\">Bronchiale Provokationtstestung<\/span> <span class=\"s1\">\u00a0 <\/span><\/span><\/div>\n<div><span style=\"font-size: 10pt;\"><span class=\"s1\">Ultraschall des Brustkorbs<\/span> <span class=\"s1\">\u00a0 \u00a0<\/span><\/span><\/div>\n<div><span style=\"font-size: 10pt;\"><span class=\"s1\">Allergieaustestung<\/span> <span class=\"s1\">\u00a0 \u00a0<\/span><\/span><\/div>\n<div><span style=\"font-size: 10pt;\"><span class=\"s1\">Laboruntersuchungen mit Blutbild, CRP,<\/span> <span class=\"s1\">D-Dimer<\/span> <span class=\"s1\">\u00a0 \u00a0<\/span><\/span><\/div>\n<div><span style=\"font-size: 10pt;\"><span class=\"s1\">Ambulante Schlafuntersuchung<\/span> <span class=\"s1\">\u00a0 \u00a0<\/span><\/span><\/div>\n<div><span style=\"font-size: 10pt;\">Tuberkulosetestungen<\/span><\/div>\n<h4><strong>BEHANDLUNGEN<\/strong><\/h4>\n<div>\n<div>Inhalationstherapie<\/div>\n<div>Infusionstherapie<\/div>\n<div>Hyposensibilisierung<\/div>\n<div>Asthmaschulungen<\/div>\n<div>Raucherentw\u00f6hnung<\/div>\n<\/div>\n<div>\n<h4 class=\"uschrift\"><strong>N\u00dcTZLICHE LINKS<\/strong><\/h4>\n<p class=\"text\"><a href=\"http:\/\/www.pollenwarndienst.at\/\" target=\"_blank\" rel=\"noopener noreferrer\">POLLENWARNDIENST.AT<\/a><br \/>Infos zu der aktuellen Pollensituation in \u00d6sterreich<\/p>\n<\/div>\n\n\n<p><\/p>\n","protected":false},"excerpt":{"rendered":"<p>\u00a0 \u00a0 \u00a0 UNTERSUCHUNGEN Kleine und gro\u00dfe Lungenfunktionstestung R\u00f6ngtenuntersuchung der Lunge Blutgasuntersuchung Belastungsblutgasuntersuchung \u00a0 Bronchiale Provokationtstestung \u00a0 Ultraschall des Brustkorbs \u00a0 \u00a0 Allergieaustestung \u00a0 \u00a0 Laboruntersuchungen mit Blutbild, CRP, D-Dimer \u00a0 \u00a0 Ambulante Schlafuntersuchung \u00a0 \u00a0 Tuberkulosetestungen BEHANDLUNGEN Inhalationstherapie Infusionstherapie Hyposensibilisierung Asthmaschulungen Raucherentw\u00f6hnung N\u00dcTZLICHE LINKS POLLENWARNDIENST.ATInfos zu der aktuellen Pollensituation in \u00d6sterreich<\/p>\n","protected":false},"author":1,"featured_media":0,"parent":0,"menu_order":0,"comment_status":"closed","ping_status":"closed","template":"template-page-portfolio-style.php","meta":{"footnotes":""},"class_list":["post-21","page","type-page","status-publish","hentry"],"_links":{"self":[{"href":"https:\/\/lungegraz.at\/index.php?rest_route=\/wp\/v2\/pages\/21","targetHints":{"allow":["GET"]}}],"collection":[{"href":"https:\/\/lungegraz.at\/index.php?rest_route=\/wp\/v2\/pages"}],"about":[{"href":"https:\/\/lungegraz.at\/index.php?rest_route=\/wp\/v2\/types\/page"}],"author":[{"embeddable":true,"href":"https:\/\/lungegraz.at\/index.php?rest_route=\/wp\/v2\/users\/1"}],"replies":[{"embeddable":true,"href":"https:\/\/lungegraz.at\/index.php?rest_route=%2Fwp%2Fv2%2Fcomments&post=21"}],"version-history":[{"count":3,"href":"https:\/\/lungegraz.at\/index.php?rest_route=\/wp\/v2\/pages\/21\/revisions"}],"predecessor-version":[{"id":705,"href":"https:\/\/lungegraz.at\/index.php?rest_route=\/wp\/v2\/pages\/21\/revisions\/705"}],"wp:attachment":[{"href":"https:\/\/lungegraz.at\/index.php?rest_route=%2Fwp%2Fv2%2Fmedia&parent=21"}],"curies":[{"name":"wp","href":"https:\/\/api.w.org\/{rel}","templated":true}]}}